{"id":3221,"date":"2021-02-15T18:53:48","date_gmt":"2021-02-15T18:53:48","guid":{"rendered":"http:\/\/floristeriatrevol.com\/botiga\/ramo-hortensia\/"},"modified":"2021-02-15T18:53:48","modified_gmt":"2021-02-15T18:53:48","slug":"ram-hortensia-2","status":"publish","type":"product","link":"https:\/\/floristeriatrevol.com\/es\/botiga\/ram-hortensia-2\/","title":{"rendered":"Ramo Hortensia"},"content":{"rendered":"<p>El ramo Hortensia, es un ramo con flores variadas y tonos c\u00e1lidos. Como flor principal, una flor de hortensia. En este caso, es una hortensia de color verde claro. A conjunto unas flores de Santini verde intenso y unos tallos de solidago. El resto, su flores mis conocidas y mucho ulilitzadas diariamente a nuestra florister\u00eda. Liliums, gerberes fuccia, astromelies de color blanco y rosa, y rosas de color salm\u00f3n Es un ramo con volumen, muy cumplido y que es adecuado por cualquier d\u00eda. Todas las flores que lo componen, se pueden adquirir todos los meses del a\u00f1o. Se pueden hacer variaciones de color, seg\u00fan stock. Si tienes alguna petici\u00f3n especial, no dudes al consultarnos, puesto que siempre que es posible, nos gusta personalizar al m\u00e1ximo nuestros trabajos. Imaginas este mismo ramo en tonalidades azules? Ser\u00eda precioso tambi\u00e9n! <\/p>\n","protected":false},"excerpt":{"rendered":"<p>Ramo de flores de temporada, ramdo con volumen, surtido de flores de tonalidades suaves en gama de verdes y rosados. Ilumina su d\u00eda!! Podemos hacer el ramo de flores en otras medidas, m\u00e1s grande o m\u00e1s peque\u00f1o, cons\u00faltanos y personalizamos tu ramo. <\/p>\n<p><span style=\"font-size:75%; line-height:0px;\"> En este trabajo, la flor es de temporada, y se posible que nos vemos obligados a hacer alguna modificaci\u00f3n. Si desea ser avisado por whatsapp o llamada de tel\u00e9fono, en el caso de que se tenga que sustituir alg\u00fan elemento del trabajo, lo puede indicar al formulario de finalizaci\u00f3n de compra a notas de la el pedido. Si no desea ser avisado, nosotros escogeremos la mejor opci\u00f3n de sustituci\u00f3n, manteniendo o mejorando la calidad de la flor reemplazada.<\/span><\/p>\n","protected":false},"featured_media":3062,"template":"","meta":{"_joinchat":[]},"product_brand":[],"product_cat":[124,224,138],"product_tag":[142,145,183,152,159,160],"class_list":{"0":"post-3221","1":"product","2":"type-product","3":"status-publish","4":"has-post-thumbnail","6":"product_cat-dia-de-la-madre","7":"product_cat-ramos","8":"product_cat-ramos-de-flores-variadas","9":"product_tag-flores-a-domicilio","10":"product_tag-floristeria-online-es","11":"product_tag-ramo-de-flores-es","12":"product_tag-ramo-de-hortensias","13":"product_tag-ramo-de-regalo","14":"product_tag-ramo-primaveral","16":"first","17":"instock","18":"sold-individually","19":"taxable","20":"shipping-taxable","21":"purchasable","22":"product-type-simple"},"_links":{"self":[{"href":"https:\/\/floristeriatrevol.com\/es\/wp-json\/wp\/v2\/product\/3221","targetHints":{"allow":["GET"]}}],"collection":[{"href":"https:\/\/floristeriatrevol.com\/es\/wp-json\/wp\/v2\/product"}],"about":[{"href":"https:\/\/floristeriatrevol.com\/es\/wp-json\/wp\/v2\/types\/product"}],"wp:featuredmedia":[{"embeddable":true,"href":"https:\/\/floristeriatrevol.com\/es\/wp-json\/wp\/v2\/media\/3062"}],"wp:attachment":[{"href":"https:\/\/floristeriatrevol.com\/es\/wp-json\/wp\/v2\/media?parent=3221"}],"wp:term":[{"taxonomy":"product_brand","embeddable":true,"href":"https:\/\/floristeriatrevol.com\/es\/wp-json\/wp\/v2\/product_brand?post=3221"},{"taxonomy":"product_cat","embeddable":true,"href":"https:\/\/floristeriatrevol.com\/es\/wp-json\/wp\/v2\/product_cat?post=3221"},{"taxonomy":"product_tag","embeddable":true,"href":"https:\/\/floristeriatrevol.com\/es\/wp-json\/wp\/v2\/product_tag?post=3221"}],"curies":[{"name":"wp","href":"https:\/\/api.w.org\/{rel}","templated":true}]}}