{"id":3215,"date":"2021-02-15T19:26:19","date_gmt":"2021-02-15T19:26:19","guid":{"rendered":"http:\/\/floristeriatrevol.com\/botiga\/ramo-alba\/"},"modified":"2021-02-15T19:26:19","modified_gmt":"2021-02-15T19:26:19","slug":"ramo-alba","status":"publish","type":"product","link":"https:\/\/floristeriatrevol.com\/es\/botiga\/ramo-alba\/","title":{"rendered":"Ramo Alba"},"content":{"rendered":"<p>Este ramo de flores es un espect\u00e1culo. Voluminoso, elegante dulce e impactando. Los liliums blancos van abriendo poco a poco, y con los d\u00edas el ramo va volvi\u00e9ndose todav\u00eda m\u00e1s bonito. Utilizamos lilium de variedad Oriental, que adem\u00e1s de su belleza, nos aporta un aroma muy especial y una durabilidad muy alta. El eucalipto, tambi\u00e9n nos ayuda a potenciar el olor del ramo. La sutilidad de las rosas de color rosa y la paniculata, acaban de darle al ramo un acabado muy suave y equilibrad Este ramo podr\u00eda cambiar radicalmente su aspecto si variamos los colores. Siempre queremos recordar que nuestro trabajo es maravilloso porque personalizamos nuestros trabajos florales. Imaginas este ramo con las liliums de color naranja y las rosas blancas , por ejemplo? Ser\u00eda igualmente espectacular, pero le habr\u00edamos dado tu toque personal. No dudes en contactarnos y te informaremos de todas las variedades disponibles. <\/p>\n","protected":false},"excerpt":{"rendered":"<p>Disfruta del aroma de los liliums orientales y el eucalipto, disfruta de la sutilidad de las rosas y la paniculata&#8230; Compra este ramo de flores ahora y lo entregaremos a domicilio. Si te gustar\u00eda este ramo con las rosas de otro color, cont\u00e1ctanos!<\/p>\n","protected":false},"featured_media":3065,"template":"","meta":{"_joinchat":[]},"product_brand":[],"product_cat":[224,138,137],"product_tag":[175,181,183,161],"class_list":{"0":"post-3215","1":"product","2":"type-product","3":"status-publish","4":"has-post-thumbnail","6":"product_cat-ramos","7":"product_cat-ramos-de-flores-variadas","8":"product_cat-ramos-de-rosas","9":"product_tag-flores-a-domicilio-es","10":"product_tag-flores-frescas","11":"product_tag-ramo-de-flores-es","12":"product_tag-regalar-flores","14":"first","15":"instock","16":"taxable","17":"shipping-taxable","18":"purchasable","19":"product-type-simple"},"_links":{"self":[{"href":"https:\/\/floristeriatrevol.com\/es\/wp-json\/wp\/v2\/product\/3215","targetHints":{"allow":["GET"]}}],"collection":[{"href":"https:\/\/floristeriatrevol.com\/es\/wp-json\/wp\/v2\/product"}],"about":[{"href":"https:\/\/floristeriatrevol.com\/es\/wp-json\/wp\/v2\/types\/product"}],"wp:featuredmedia":[{"embeddable":true,"href":"https:\/\/floristeriatrevol.com\/es\/wp-json\/wp\/v2\/media\/3065"}],"wp:attachment":[{"href":"https:\/\/floristeriatrevol.com\/es\/wp-json\/wp\/v2\/media?parent=3215"}],"wp:term":[{"taxonomy":"product_brand","embeddable":true,"href":"https:\/\/floristeriatrevol.com\/es\/wp-json\/wp\/v2\/product_brand?post=3215"},{"taxonomy":"product_cat","embeddable":true,"href":"https:\/\/floristeriatrevol.com\/es\/wp-json\/wp\/v2\/product_cat?post=3215"},{"taxonomy":"product_tag","embeddable":true,"href":"https:\/\/floristeriatrevol.com\/es\/wp-json\/wp\/v2\/product_tag?post=3215"}],"curies":[{"name":"wp","href":"https:\/\/api.w.org\/{rel}","templated":true}]}}