{"id":3213,"date":"2022-04-25T11:53:48","date_gmt":"2022-04-25T11:53:48","guid":{"rendered":"http:\/\/floristeriatrevol.com\/botiga\/toulouse\/"},"modified":"2022-04-25T11:53:48","modified_gmt":"2022-04-25T11:53:48","slug":"toulouse-2","status":"publish","type":"product","link":"https:\/\/floristeriatrevol.com\/es\/botiga\/toulouse-2\/","title":{"rendered":"Toulouse"},"content":{"rendered":"<p>Ramo de de flores variadas con jarr\u00f3n. En este caso, gerberes rosas, liliums y peque\u00f1as flores de complemento. Todo en colores intensos y alegres. Como verde, el eucalipto, nuestro ramaje de verde preferido. Regalar un ramo de flores con su jarr\u00f3n, es muy c\u00f3modo por la persona que lo reciba. Solo se aconseja cambiar el agua cada dos d\u00edas y cortar un poco los tallos en diagonal. Nosotros le entregaremos unos sobres de conservante para ir a\u00f1adiendo al agua cada vez que se realice el cambio. Este ramo de flores puede lucir muchos d\u00edas y alegrar cualquier est\u00e1ncia de la casa. <\/p>\n","protected":false},"excerpt":{"rendered":"<p>Jarr\u00f3n de vidrio, con rosas y flores de temporada. Alegre y colorido, con combinaci\u00f3n de diferentes verdes y complementos. Jarr\u00f3n incluido.<\/p>\n<p>En este trabajo, la flor es de temporada, y se posible que nos vemos obligados a hacer alguna modificaci\u00f3n. Si desea ser avisado por whatsapp o llamada de tel\u00e9fono, en el caso de que se tenga que sustituir alg\u00fan elemento del trabajo, lo puede indicar al formulario de finalizaci\u00f3n de compra a notas de la el pedido. Si no desea ser avisado, nosotros escogeremos la mejor opci\u00f3n de sustituci\u00f3n, manteniendo o mejorando la calidad de la flor reemplazada.<\/p>\n","protected":false},"featured_media":3029,"template":"","meta":{"_joinchat":[]},"product_brand":[],"product_cat":[125,128,224,138],"product_tag":[146,147,183,156,157],"class_list":{"0":"post-3213","1":"product","2":"type-product","3":"status-publish","4":"has-post-thumbnail","6":"product_cat-jarrones-y-centros-de-flores","7":"product_cat-jarrones-con-flores","8":"product_cat-ramos","9":"product_cat-ramos-de-flores-variadas","10":"product_tag-flores-en-reus","11":"product_tag-flores-en-tarragona","12":"product_tag-ramo-de-flores-es","13":"product_tag-ramo-de-flores-de-temporada","14":"product_tag-ramo-de-flores-primaveral","16":"first","17":"instock","18":"taxable","19":"shipping-taxable","20":"purchasable","21":"product-type-simple"},"_links":{"self":[{"href":"https:\/\/floristeriatrevol.com\/es\/wp-json\/wp\/v2\/product\/3213","targetHints":{"allow":["GET"]}}],"collection":[{"href":"https:\/\/floristeriatrevol.com\/es\/wp-json\/wp\/v2\/product"}],"about":[{"href":"https:\/\/floristeriatrevol.com\/es\/wp-json\/wp\/v2\/types\/product"}],"wp:featuredmedia":[{"embeddable":true,"href":"https:\/\/floristeriatrevol.com\/es\/wp-json\/wp\/v2\/media\/3029"}],"wp:attachment":[{"href":"https:\/\/floristeriatrevol.com\/es\/wp-json\/wp\/v2\/media?parent=3213"}],"wp:term":[{"taxonomy":"product_brand","embeddable":true,"href":"https:\/\/floristeriatrevol.com\/es\/wp-json\/wp\/v2\/product_brand?post=3213"},{"taxonomy":"product_cat","embeddable":true,"href":"https:\/\/floristeriatrevol.com\/es\/wp-json\/wp\/v2\/product_cat?post=3213"},{"taxonomy":"product_tag","embeddable":true,"href":"https:\/\/floristeriatrevol.com\/es\/wp-json\/wp\/v2\/product_tag?post=3213"}],"curies":[{"name":"wp","href":"https:\/\/api.w.org\/{rel}","templated":true}]}}