{"id":3212,"date":"2022-04-25T22:57:17","date_gmt":"2022-04-25T22:57:17","guid":{"rendered":"http:\/\/floristeriatrevol.com\/botiga\/ramo-de-30-rosas-rojas\/"},"modified":"2022-04-25T22:57:17","modified_gmt":"2022-04-25T22:57:17","slug":"ram-de-30-roses-vermelles-2","status":"publish","type":"product","link":"https:\/\/floristeriatrevol.com\/es\/botiga\/ram-de-30-roses-vermelles-2\/","title":{"rendered":"Ramo de 30 rosas rojas"},"content":{"rendered":"<p>Seleccionamos las mejores variedades de rosas para garantizar la m\u00e1xima duraci\u00f3n de vuestro ramo. Mantened vuestras rosas lejos de fuentes de calor directos. El calor hace acelerar el proceso de maduraci\u00f3n de la rosa. Si la mantenemos en un espacio de la casa con donde la temperatura no sea demasiado alta, nos aseguramos de que nuestro ramo luzca muchos mas d\u00edas. Es muy importante cambiar el agua cada dos d\u00edas y cortar unos mil\u00edmetros los tallos por tal sanear el tallo y facilitar la absorci\u00f3n de agua limpia. En verano, un buen aliado su los cubitos de hielo. Poner tres o cuatro cubitos de hielo dentro del jarr\u00f3n de agua cada vez que hacemos el cambio, har\u00e1 que la rosa se revitalice y se mantenga firme por m\u00e1s d\u00edas. <\/p>\n","protected":false},"excerpt":{"rendered":"<p>Ramo de gran impacto visual, atrevido y atractivo. 30 rosas en un ramo compacto, rodeadas de paniculata y verdes. Tenemos disponibilidad otros colores y podemos confeccionar el ramo totalmente personalizado con la cantidad de rosas que desees. Ideal por un anirversario! Podemos poner tantas rosas como a\u00f1os y hacer tu regalo \u00fanico. <\/p>\n","protected":false},"featured_media":2861,"template":"","meta":{"_joinchat":[]},"product_brand":[],"product_cat":[124,224,137,140,139],"product_tag":[183,192,184,195],"class_list":{"0":"post-3212","1":"product","2":"type-product","3":"status-publish","4":"has-post-thumbnail","6":"product_cat-dia-de-la-madre","7":"product_cat-ramos","8":"product_cat-ramos-de-rosas","9":"product_cat-san-valnetin","10":"product_cat-sant-jordi-es","11":"product_tag-ramo-de-flores-es","12":"product_tag-ramo-de-rosas","13":"product_tag-regalar-rosas","14":"product_tag-rosas-rojas","16":"first","17":"instock","18":"sold-individually","19":"taxable","20":"shipping-taxable","21":"purchasable","22":"product-type-simple"},"_links":{"self":[{"href":"https:\/\/floristeriatrevol.com\/es\/wp-json\/wp\/v2\/product\/3212","targetHints":{"allow":["GET"]}}],"collection":[{"href":"https:\/\/floristeriatrevol.com\/es\/wp-json\/wp\/v2\/product"}],"about":[{"href":"https:\/\/floristeriatrevol.com\/es\/wp-json\/wp\/v2\/types\/product"}],"wp:featuredmedia":[{"embeddable":true,"href":"https:\/\/floristeriatrevol.com\/es\/wp-json\/wp\/v2\/media\/2861"}],"wp:attachment":[{"href":"https:\/\/floristeriatrevol.com\/es\/wp-json\/wp\/v2\/media?parent=3212"}],"wp:term":[{"taxonomy":"product_brand","embeddable":true,"href":"https:\/\/floristeriatrevol.com\/es\/wp-json\/wp\/v2\/product_brand?post=3212"},{"taxonomy":"product_cat","embeddable":true,"href":"https:\/\/floristeriatrevol.com\/es\/wp-json\/wp\/v2\/product_cat?post=3212"},{"taxonomy":"product_tag","embeddable":true,"href":"https:\/\/floristeriatrevol.com\/es\/wp-json\/wp\/v2\/product_tag?post=3212"}],"curies":[{"name":"wp","href":"https:\/\/api.w.org\/{rel}","templated":true}]}}