{"id":3211,"date":"2022-04-27T05:24:06","date_gmt":"2022-04-27T05:24:06","guid":{"rendered":"http:\/\/floristeriatrevol.com\/botiga\/ramo-de-rosas-tonos-pastel\/"},"modified":"2022-04-27T05:24:06","modified_gmt":"2022-04-27T05:24:06","slug":"ram-de-roses-tons-pastel-2","status":"publish","type":"product","link":"https:\/\/floristeriatrevol.com\/es\/botiga\/ram-de-roses-tons-pastel-2\/","title":{"rendered":"Ramo de rosas tonos pastel"},"content":{"rendered":"<p>Este ramo de rosas, es un ramo muy especial. Una selecci\u00f3n de tonalidades marfil, rosa y salm\u00f3n que transmiten mucha armon\u00eda todas juntas. Su variedades resistentes y que mantienen su forma durante muchos d\u00edas. Una alternativa a la cl\u00e1sica rosa roja, sue\u00f1o las rosas de color, actualmente su tendencia y est\u00e1n disponibles en muchas tonalidades diferentes. Semanalmente disponemos de varios colores que vayamos cambiando de forma aleatoria, pero si deseas que personalicemos tu ramo de rosas con algunos colores especiales, cont\u00e1ctanos y lo haremos posible. En este caso, las rosas van acompa\u00f1adas de eucalipto azul, su color atenuado armoniza perfectamente con lo la suavidad de las rosas pastel.<\/p>\n","protected":false},"excerpt":{"rendered":"<p>Ramo de 15 rosas en tonalidades pastel, una delicia de combinaci\u00f3n, acompa\u00f1ada con verdes y envoltorio textil. Nuestras rosas son de la mejor calidad seleccionadas especialmente para ti. Un regalo que seguro que le encantar\u00e1!! Si deseas otra cantidad de rosas o una combinaci\u00f3n de colores diferentes, contctanos y lo haremos posible. <\/p>\n","protected":false},"featured_media":3116,"template":"","meta":{"_joinchat":[]},"product_brand":[],"product_cat":[124,224,138,137,140],"product_tag":[192,194,199,197],"class_list":{"0":"post-3211","1":"product","2":"type-product","3":"status-publish","4":"has-post-thumbnail","6":"product_cat-dia-de-la-madre","7":"product_cat-ramos","8":"product_cat-ramos-de-flores-variadas","9":"product_cat-ramos-de-rosas","10":"product_cat-san-valnetin","11":"product_tag-ramo-de-rosas","12":"product_tag-regalo-rosas","13":"product_tag-rosas","14":"product_tag-rosas-tonos-paste","16":"first","17":"instock","18":"featured","19":"taxable","20":"shipping-taxable","21":"purchasable","22":"product-type-simple"},"_links":{"self":[{"href":"https:\/\/floristeriatrevol.com\/es\/wp-json\/wp\/v2\/product\/3211","targetHints":{"allow":["GET"]}}],"collection":[{"href":"https:\/\/floristeriatrevol.com\/es\/wp-json\/wp\/v2\/product"}],"about":[{"href":"https:\/\/floristeriatrevol.com\/es\/wp-json\/wp\/v2\/types\/product"}],"wp:featuredmedia":[{"embeddable":true,"href":"https:\/\/floristeriatrevol.com\/es\/wp-json\/wp\/v2\/media\/3116"}],"wp:attachment":[{"href":"https:\/\/floristeriatrevol.com\/es\/wp-json\/wp\/v2\/media?parent=3211"}],"wp:term":[{"taxonomy":"product_brand","embeddable":true,"href":"https:\/\/floristeriatrevol.com\/es\/wp-json\/wp\/v2\/product_brand?post=3211"},{"taxonomy":"product_cat","embeddable":true,"href":"https:\/\/floristeriatrevol.com\/es\/wp-json\/wp\/v2\/product_cat?post=3211"},{"taxonomy":"product_tag","embeddable":true,"href":"https:\/\/floristeriatrevol.com\/es\/wp-json\/wp\/v2\/product_tag?post=3211"}],"curies":[{"name":"wp","href":"https:\/\/api.w.org\/{rel}","templated":true}]}}