{"id":3207,"date":"2020-04-23T08:30:42","date_gmt":"2020-04-23T08:30:42","guid":{"rendered":"http:\/\/floristeriatrevol.com\/botiga\/eros\/"},"modified":"2023-01-24T09:38:40","modified_gmt":"2023-01-24T09:38:40","slug":"eros","status":"publish","type":"product","link":"https:\/\/floristeriatrevol.com\/es\/botiga\/eros\/","title":{"rendered":"Eros"},"content":{"rendered":"<p>Ramo de flor preservada. Bouquet de 18 cm. de di\u00e1metro aproximadamente, con flor preservada y seca, selecci\u00f3n de flores de distintos colores, con tonalidades naturales. A\u00f1adimos toque de granate y lavanda, todo el conjunto resulta muy especial para hacer un bonito regalo y combina con cualquier estilo de decoraci\u00f3n.<\/p>\n<p>La flor preservada, es una flor natural que est\u00e1 tratada para evitar el proceso de marchitamiento de la flor fresca. Se le extrae el agua de la flor, con lo que se evita que su maduraci\u00f3n avance, y as\u00ed esta flor ya se mantiene intacta para siempre. En el proceso de preservaci\u00f3n, el color natural de la flor se ve alterado, por lo que se deben tintar las flores.<\/p>\n<p>Este tinte puede alterarse con el tiempo, sobre todo si se exponen las flores a cambios de temperatura, oa los rayos del sol. Para evitar una larga duraci\u00f3n del color de las flores, mantenerlas lejos del sol. Los ramos conservados en vitrinas pueden perdurar intactas durante d\u00e9cadas.<\/p>\n","protected":false},"excerpt":{"rendered":"<p>Precioso ramo con 12 variedades de flores y verdes silvestres, secos y preservados. Peque\u00f1os tallos forman un conjunto muy especial Perfume natural y explosi\u00f3n de color, un regalo perfecto para llevar la naturaleza a nuestra casa durante mucho tiempo. Se presenta con decoraci\u00f3n r\u00fastica. Di\u00e1metro 18 cm.<\/p>\n<p>La selecci\u00f3n de flores puede variar ligeramente, dependiendo del stock actual.<\/p>\n<p>Es posible que nos veamos obligados a realizar alguna modificaci\u00f3n. Si desea ser avisado por whatsapp o llamada de tel\u00e9fono, en el caso de que se tenga que sustituir alg\u00fan elemento del trabajo, lo puede indicar al formulario de finalizaci\u00f3n de compra a notas de la el pedido. Si no desea ser avisado, nosotros escogeremos la mejor opci\u00f3n de sustituci\u00f3n, manteniendo o mejorando la calidad de la flor reemplazada.<\/p>\n","protected":false},"featured_media":2972,"template":"","meta":{"_joinchat":[]},"product_brand":[],"product_cat":[124,135,141],"product_tag":[172,173,427,426],"class_list":{"0":"post-3207","1":"product","2":"type-product","3":"status-publish","4":"has-post-thumbnail","6":"product_cat-dia-de-la-madre","7":"product_cat-preservados-es","8":"product_cat-sorpresas-romanticas","9":"product_tag-flor-eterna-es","10":"product_tag-flor-preservada-es","11":"product_tag-ramo-de-flores-preservadas","12":"product_tag-ramo-preservado","14":"first","15":"instock","16":"sold-individually","17":"taxable","18":"shipping-taxable","19":"purchasable","20":"product-type-simple"},"_links":{"self":[{"href":"https:\/\/floristeriatrevol.com\/es\/wp-json\/wp\/v2\/product\/3207","targetHints":{"allow":["GET"]}}],"collection":[{"href":"https:\/\/floristeriatrevol.com\/es\/wp-json\/wp\/v2\/product"}],"about":[{"href":"https:\/\/floristeriatrevol.com\/es\/wp-json\/wp\/v2\/types\/product"}],"wp:featuredmedia":[{"embeddable":true,"href":"https:\/\/floristeriatrevol.com\/es\/wp-json\/wp\/v2\/media\/2972"}],"wp:attachment":[{"href":"https:\/\/floristeriatrevol.com\/es\/wp-json\/wp\/v2\/media?parent=3207"}],"wp:term":[{"taxonomy":"product_brand","embeddable":true,"href":"https:\/\/floristeriatrevol.com\/es\/wp-json\/wp\/v2\/product_brand?post=3207"},{"taxonomy":"product_cat","embeddable":true,"href":"https:\/\/floristeriatrevol.com\/es\/wp-json\/wp\/v2\/product_cat?post=3207"},{"taxonomy":"product_tag","embeddable":true,"href":"https:\/\/floristeriatrevol.com\/es\/wp-json\/wp\/v2\/product_tag?post=3207"}],"curies":[{"name":"wp","href":"https:\/\/api.w.org\/{rel}","templated":true}]}}