{"id":3190,"date":"2022-04-27T22:43:08","date_gmt":"2022-04-27T22:43:08","guid":{"rendered":"http:\/\/floristeriatrevol.com\/botiga\/ramo-lavanda\/"},"modified":"2023-04-19T14:30:25","modified_gmt":"2023-04-19T14:30:25","slug":"ramo-lavanda","status":"publish","type":"product","link":"https:\/\/floristeriatrevol.com\/es\/botiga\/ramo-lavanda\/","title":{"rendered":"Ramo Lavanda"},"content":{"rendered":"<p>El ramo Lavanda, es uno de los imprescindibles a nuestra tienda. De estilo silvestre y con tonalidades variadas, nos transporta al campo. El espliego y el eucalipto, le aportan un aroma \u00fanico. El resto de flores, es una combinaci\u00f3n de peque\u00f1as rosas (si no es temporada, las sustituiremos por rosas de medida mediana) y astromelies, statice variado de colores y paniculata. Es ideal para regalar, su sencillez hace que llegue a todo el mundo. Para cualquier ocasi\u00f3n nuestro Ramo Lavanda es perfecto! Adem\u00e1s de ser un ramo de flores juvenil y actual, su precio es de los mas asequibles de las combinaciones que ofrecemos. Compra ahora el Ramo Lavanda, es un acierto asegurado!<\/p>\n","protected":false},"excerpt":{"rendered":"<p>Ramo con flores silvestres y eucaliptos, para disfrutar del aroma del espliego y del campo. Bonita combinaci\u00f3n que aporta sencillez. La mayor\u00eda de flores de este ramo se pueden secar de manera natural, haciendo que el ramo de flores aguante mucho de tiempos a casa.<\/p>\n<p><span style=\"font-size: 75%; line-height: 0px;\"> En este trabajo, la flor es de temporada, y se posible que nos vemos obligados a hacer alguna modificaci\u00f3n. Si desea ser avisado por whatsapp o llamada de tel\u00e9fono, en el caso de que se tenga que sustituir alg\u00fan elemento del trabajo, lo puede indicar al formulario de finalizaci\u00f3n de compra a notas de la el pedido. Si no desea ser avisado, nosotros escogeremos la mejor opci\u00f3n de sustituci\u00f3n, manteniendo o mejorando la calidad de la flor reemplazada.<\/span><\/p>\n","protected":false},"featured_media":2925,"template":"","meta":{"_joinchat":[]},"product_brand":[],"product_cat":[124,129,224,138],"product_tag":[174,177,167,183,190,188,193],"class_list":{"0":"post-3190","1":"product","2":"type-product","3":"status-publish","4":"has-post-thumbnail","6":"product_cat-dia-de-la-madre","7":"product_cat-menos-de-25e","8":"product_cat-ramos","9":"product_cat-ramos-de-flores-variadas","10":"product_tag-flores","11":"product_tag-lavanda-es","12":"product_tag-ramo","13":"product_tag-ramo-de-flores-es","14":"product_tag-ramo-lavanda","15":"product_tag-ramo-silvestre","16":"product_tag-regalo-ramo","18":"first","19":"instock","20":"sold-individually","21":"taxable","22":"shipping-taxable","23":"purchasable","24":"product-type-simple"},"_links":{"self":[{"href":"https:\/\/floristeriatrevol.com\/es\/wp-json\/wp\/v2\/product\/3190","targetHints":{"allow":["GET"]}}],"collection":[{"href":"https:\/\/floristeriatrevol.com\/es\/wp-json\/wp\/v2\/product"}],"about":[{"href":"https:\/\/floristeriatrevol.com\/es\/wp-json\/wp\/v2\/types\/product"}],"wp:featuredmedia":[{"embeddable":true,"href":"https:\/\/floristeriatrevol.com\/es\/wp-json\/wp\/v2\/media\/2925"}],"wp:attachment":[{"href":"https:\/\/floristeriatrevol.com\/es\/wp-json\/wp\/v2\/media?parent=3190"}],"wp:term":[{"taxonomy":"product_brand","embeddable":true,"href":"https:\/\/floristeriatrevol.com\/es\/wp-json\/wp\/v2\/product_brand?post=3190"},{"taxonomy":"product_cat","embeddable":true,"href":"https:\/\/floristeriatrevol.com\/es\/wp-json\/wp\/v2\/product_cat?post=3190"},{"taxonomy":"product_tag","embeddable":true,"href":"https:\/\/floristeriatrevol.com\/es\/wp-json\/wp\/v2\/product_tag?post=3190"}],"curies":[{"name":"wp","href":"https:\/\/api.w.org\/{rel}","templated":true}]}}